{"id":11,"date":"2017-04-05T10:21:01","date_gmt":"2017-04-05T08:21:01","guid":{"rendered":"https:\/\/poltermax.com\/\/?page_id=11"},"modified":"2019-05-02T09:45:03","modified_gmt":"2019-05-02T07:45:03","slug":"poltermax-smart","status":"publish","type":"page","link":"https:\/\/poltermax.com\/index.php\/poltermax-smart\/","title":{"rendered":"PolterMAX-Smart"},"content":{"rendered":"<p>F\u00fcr Einzelpolter und mittlere Holzmengen als Dienstleistung. Aufzeichnung des Polters mittel Smartphone, Versand der Daten direkt vom Smartphone per Messenger zur Prozessierung, Ergebnisse direkt auf das Smartphone per Messenger.<\/p>\n<h4>PolterMAX-Smart &#8211; F\u00fcr jeden einfach und schnell zu Polterauswertungen mit dem Smartphone.<\/h4>\n<p>Keine zus\u00e4tzliche App, keine Lizenzkosten f\u00fcr Software zur Polterauswertung. Arbeiten Sie einfach mit ihnen vertrauten Standardanwendungen des Smartphones. Sie ben\u00f6tigen nur die Panoramafunktion des Smartphones und einen Messenger (z.B. WhatsApp).<\/p>\n<p><img loading=\"lazy\" decoding=\"async\" class=\"wp-image-68 alignleft\" src=\"https:\/\/poltermax.com\/wp-content\/uploads\/2017\/04\/PolterMAX-SMART_Auftrag-erteilen-212x300.png\" alt=\"\" width=\"153\" height=\"217\" srcset=\"https:\/\/poltermax.com\/wp-content\/uploads\/2017\/04\/PolterMAX-SMART_Auftrag-erteilen-212x300.png 212w, https:\/\/poltermax.com\/wp-content\/uploads\/2017\/04\/PolterMAX-SMART_Auftrag-erteilen.png 500w\" sizes=\"auto, (max-width: 153px) 100vw, 153px\" \/>Wollen Sie einfach Ihre Polter auswerten lassen? Senden Sie uns Ihre Polterbilder per WhatsApp.<\/p>\n<ol>\n<li>\u00a0Einmalig am Portal f\u00fcr den Auswerteservice\u00a0anmelden<\/li>\n<\/ol>\n<p><a class=\"a-button\" href=\"https:\/\/poltermax.com\/index.php\/anmeldung\/\">Zur Anmeldung PolterMAX-Smart<\/a><\/p>\n<ol start=\"2\">\n<li>Erhalten Sie unsere WhatsApp \u2013 Telefonnummer und \u00fcbernehmen Sie diese in das Telefonbuch Ihres Handys<\/li>\n<li>Sie sind startbereit.<\/li>\n<\/ol>\n<h3><\/h3>\n<h3 style=\"text-align: left;\">Klare Regen f\u00fcr Ihre Sicherheit:<\/h3>\n<p>Mit der Anmeldung gehen Sie keinerlei Verpflichtungen ein. Die Anmeldung ist v\u00f6llig kostenfrei und enth\u00e4lt auch keine versteckten Kosten. F\u00fcr Ihre Sicherheit, zur Abwehr unbefugter oder nicht sachgerechter Verwendung des Portals und f\u00fcr eine ordungsgem\u00e4\u00dfe Bearbeitung Ihres Anliegens ist die vollst\u00e4ndige Eingabe Ihrer Daten erforderlich. Die erfassten Daten werden ausschlie\u00dflich f\u00fcr die Belange des Services verwendet und werden nicht an Dritte weitergegeben.<\/p>\n<p>Wir kommunizieren \u00fcber WhatsApp nur mit Ihnen, wenn Sie das m\u00f6chten:<\/p>\n<p>Senden Sie uns eine Nachricht \u00fcber WhatsApp mit der Nachricht \u201eStart\u201c um den Service zu starten<\/p>\n<p>Senden Sie uns eine Nachricht \u00fcber WhatsApp mit der Nachricht \u201eStop\u201c um den Service zu stoppen<\/p>\n<p>Benutzen Sie WhatsApp f\u00fcr eine schnelle und sichere (verschl\u00fcsselte) Kommunikation mit uns. Sie \u00fcbersenden uns Ihre Polterbilder und Ihren Wusch zum Auswertungsumfang. Wir \u00fcbersenden Ihnen die Ergebnisse.<\/p>\n<p>Die Prozessierung der Bilder erfolgt in unserem Haus durch erfahrene Fachleute, so dass Sie von einem hochwertigem Ergebnis ausgehen k\u00f6nnen. Der Auswerteservice ist preiswert und erfolgt kurzfristig w\u00e4hrend der B\u00fcrostunden.<\/p>\n<p>Testen Sie den Service risiko- und kostenfrei.<\/p>\n<p><img loading=\"lazy\" decoding=\"async\" class=\"alignnone wp-image-50\" src=\"https:\/\/poltermax.com\/wp-content\/uploads\/2017\/04\/Gesamtlange-des-Polters-messen-300x96.png\" alt=\"\" width=\"532\" height=\"170\" srcset=\"https:\/\/poltermax.com\/wp-content\/uploads\/2017\/04\/Gesamtlange-des-Polters-messen-300x96.png 300w, https:\/\/poltermax.com\/wp-content\/uploads\/2017\/04\/Gesamtlange-des-Polters-messen-768x247.png 768w, https:\/\/poltermax.com\/wp-content\/uploads\/2017\/04\/Gesamtlange-des-Polters-messen-1024x329.png 1024w, https:\/\/poltermax.com\/wp-content\/uploads\/2017\/04\/Gesamtlange-des-Polters-messen.png 1491w\" sizes=\"auto, (max-width: 532px) 100vw, 532px\" \/><\/p>\n<p>Nach dem kostenlosen Test bieten wir Ihnen unsere Auswertedienstleistungen zu attraktiven Konditionen an. Die Preise sind entsprechend des Auswerteumfangs gestaffelt. Vollumf\u00e4ngliche Informationen und Anleitungen erhalten Sie unmittelbar nach Ihrer Anmeldung. M\u00f6chten Sie schon vorab informiert werden, so k\u00f6nnen Sie\u00a0uns \u00a0gern anrufen:<\/p>\n<p><strong>Tel 03437 910022<\/strong><\/p>\n<p><a class=\"a-button\" href=\"https:\/\/poltermax.com\/index.php\/anmeldung\/\">Zur Anmeldung PolterMAX-Smart<\/a><\/p>\n","protected":false},"excerpt":{"rendered":"<p>F\u00fcr Einzelpolter und mittlere Holzmengen als Dienstleistung. Aufzeichnung des Polters mittel Smartphone, Versand der Daten direkt vom Smartphone per Messenger zur Prozessierung, Ergebnisse direkt auf das Smartphone per Messenger. PolterMAX-Smart &#8211; F\u00fcr jeden einfach und schnell zu Polterauswertungen mit dem<\/p>\n","protected":false},"author":1,"featured_media":157,"parent":0,"menu_order":0,"comment_status":"closed","ping_status":"closed","template":"","meta":{"footnotes":""},"class_list":["post-11","page","type-page","status-publish","has-post-thumbnail","hentry"],"yoast_head":"<!-- This site is optimized with the Yoast SEO plugin v24.4 - https:\/\/yoast.com\/wordpress\/plugins\/seo\/ -->\r\n<title>PolterMAX-Smart - PolterMAX<\/title>\r\n<meta name=\"robots\" content=\"index, follow, max-snippet:-1, max-image-preview:large, max-video-preview:-1\" \/>\r\n<link rel=\"canonical\" href=\"https:\/\/poltermax.com\/index.php\/poltermax-smart\/\" \/>\r\n<meta property=\"og:locale\" content=\"de_DE\" \/>\r\n<meta property=\"og:type\" content=\"article\" \/>\r\n<meta property=\"og:title\" content=\"PolterMAX-Smart - PolterMAX\" \/>\r\n<meta property=\"og:description\" content=\"F\u00fcr Einzelpolter und mittlere Holzmengen als Dienstleistung. Aufzeichnung des Polters mittel Smartphone, Versand der Daten direkt vom Smartphone per Messenger zur Prozessierung, Ergebnisse direkt auf das Smartphone per Messenger. PolterMAX-Smart &#8211; F\u00fcr jeden einfach und schnell zu Polterauswertungen mit dem\" \/>\r\n<meta property=\"og:url\" content=\"https:\/\/poltermax.com\/index.php\/poltermax-smart\/\" \/>\r\n<meta property=\"og:site_name\" content=\"PolterMAX\" \/>\r\n<meta property=\"article:publisher\" content=\"https:\/\/www.facebook.com\/Polter-MAX-fotooptische-Holzvermessung-160493498005750\/9931759180?hl=de\" \/>\r\n<meta property=\"article:modified_time\" content=\"2019-05-02T07:45:03+00:00\" \/>\r\n<meta property=\"og:image\" content=\"https:\/\/poltermax.com\/wp-content\/uploads\/2017\/04\/poltermax-smart-icon.jpg\" \/>\r\n\t<meta property=\"og:image:width\" content=\"371\" \/>\r\n\t<meta property=\"og:image:height\" content=\"153\" \/>\r\n\t<meta property=\"og:image:type\" content=\"image\/jpeg\" \/>\r\n<meta name=\"twitter:card\" content=\"summary_large_image\" \/>\r\n<meta name=\"twitter:label1\" content=\"Gesch\u00e4tzte Lesezeit\" \/>\n\t<meta name=\"twitter:data1\" content=\"2\u00a0Minuten\" \/>\r\n<script type=\"application\/ld+json\" class=\"yoast-schema-graph\">{\"@context\":\"https:\/\/schema.org\",\"@graph\":[{\"@type\":\"WebPage\",\"@id\":\"https:\/\/poltermax.com\/index.php\/poltermax-smart\/\",\"url\":\"https:\/\/poltermax.com\/index.php\/poltermax-smart\/\",\"name\":\"PolterMAX-Smart - PolterMAX\",\"isPartOf\":{\"@id\":\"https:\/\/poltermax.com\/#website\"},\"primaryImageOfPage\":{\"@id\":\"https:\/\/poltermax.com\/index.php\/poltermax-smart\/#primaryimage\"},\"image\":{\"@id\":\"https:\/\/poltermax.com\/index.php\/poltermax-smart\/#primaryimage\"},\"thumbnailUrl\":\"https:\/\/poltermax.com\/wp-content\/uploads\/2017\/04\/poltermax-smart-icon.jpg\",\"datePublished\":\"2017-04-05T08:21:01+00:00\",\"dateModified\":\"2019-05-02T07:45:03+00:00\",\"breadcrumb\":{\"@id\":\"https:\/\/poltermax.com\/index.php\/poltermax-smart\/#breadcrumb\"},\"inLanguage\":\"de\",\"potentialAction\":[{\"@type\":\"ReadAction\",\"target\":[\"https:\/\/poltermax.com\/index.php\/poltermax-smart\/\"]}]},{\"@type\":\"ImageObject\",\"inLanguage\":\"de\",\"@id\":\"https:\/\/poltermax.com\/index.php\/poltermax-smart\/#primaryimage\",\"url\":\"https:\/\/poltermax.com\/wp-content\/uploads\/2017\/04\/poltermax-smart-icon.jpg\",\"contentUrl\":\"https:\/\/poltermax.com\/wp-content\/uploads\/2017\/04\/poltermax-smart-icon.jpg\",\"width\":371,\"height\":153},{\"@type\":\"BreadcrumbList\",\"@id\":\"https:\/\/poltermax.com\/index.php\/poltermax-smart\/#breadcrumb\",\"itemListElement\":[{\"@type\":\"ListItem\",\"position\":1,\"name\":\"Startseite\",\"item\":\"https:\/\/poltermax.com\/\"},{\"@type\":\"ListItem\",\"position\":2,\"name\":\"PolterMAX-Smart\"}]},{\"@type\":\"WebSite\",\"@id\":\"https:\/\/poltermax.com\/#website\",\"url\":\"https:\/\/poltermax.com\/\",\"name\":\"PolterMAX\",\"description\":\"Fotooptische Holzmengenermittlung so individuell wie unsere Kunden\",\"publisher\":{\"@id\":\"https:\/\/poltermax.com\/#organization\"},\"potentialAction\":[{\"@type\":\"SearchAction\",\"target\":{\"@type\":\"EntryPoint\",\"urlTemplate\":\"https:\/\/poltermax.com\/?s={search_term_string}\"},\"query-input\":{\"@type\":\"PropertyValueSpecification\",\"valueRequired\":true,\"valueName\":\"search_term_string\"}}],\"inLanguage\":\"de\"},{\"@type\":\"Organization\",\"@id\":\"https:\/\/poltermax.com\/#organization\",\"name\":\"PolterMAX\",\"url\":\"https:\/\/poltermax.com\/\",\"logo\":{\"@type\":\"ImageObject\",\"inLanguage\":\"de\",\"@id\":\"https:\/\/poltermax.com\/#\/schema\/logo\/image\/\",\"url\":\"https:\/\/poltermax.com\/wp-content\/uploads\/2017\/04\/gid-pm.jpg\",\"contentUrl\":\"https:\/\/poltermax.com\/wp-content\/uploads\/2017\/04\/gid-pm.jpg\",\"width\":82,\"height\":75,\"caption\":\"PolterMAX\"},\"image\":{\"@id\":\"https:\/\/poltermax.com\/#\/schema\/logo\/image\/\"},\"sameAs\":[\"https:\/\/www.facebook.com\/Polter-MAX-fotooptische-Holzvermessung-160493498005750\/9931759180?hl=de\"]}]}<\/script>\r\n<!-- \/ Yoast SEO plugin. -->","yoast_head_json":{"title":"PolterMAX-Smart - PolterMAX","robots":{"index":"index","follow":"follow","max-snippet":"max-snippet:-1","max-image-preview":"max-image-preview:large","max-video-preview":"max-video-preview:-1"},"canonical":"https:\/\/poltermax.com\/index.php\/poltermax-smart\/","og_locale":"de_DE","og_type":"article","og_title":"PolterMAX-Smart - PolterMAX","og_description":"F\u00fcr Einzelpolter und mittlere Holzmengen als Dienstleistung. Aufzeichnung des Polters mittel Smartphone, Versand der Daten direkt vom Smartphone per Messenger zur Prozessierung, Ergebnisse direkt auf das Smartphone per Messenger. PolterMAX-Smart &#8211; F\u00fcr jeden einfach und schnell zu Polterauswertungen mit dem","og_url":"https:\/\/poltermax.com\/index.php\/poltermax-smart\/","og_site_name":"PolterMAX","article_publisher":"https:\/\/www.facebook.com\/Polter-MAX-fotooptische-Holzvermessung-160493498005750\/9931759180?hl=de","article_modified_time":"2019-05-02T07:45:03+00:00","og_image":[{"width":371,"height":153,"url":"https:\/\/poltermax.com\/wp-content\/uploads\/2017\/04\/poltermax-smart-icon.jpg","type":"image\/jpeg"}],"twitter_card":"summary_large_image","twitter_misc":{"Gesch\u00e4tzte Lesezeit":"2\u00a0Minuten"},"schema":{"@context":"https:\/\/schema.org","@graph":[{"@type":"WebPage","@id":"https:\/\/poltermax.com\/index.php\/poltermax-smart\/","url":"https:\/\/poltermax.com\/index.php\/poltermax-smart\/","name":"PolterMAX-Smart - PolterMAX","isPartOf":{"@id":"https:\/\/poltermax.com\/#website"},"primaryImageOfPage":{"@id":"https:\/\/poltermax.com\/index.php\/poltermax-smart\/#primaryimage"},"image":{"@id":"https:\/\/poltermax.com\/index.php\/poltermax-smart\/#primaryimage"},"thumbnailUrl":"https:\/\/poltermax.com\/wp-content\/uploads\/2017\/04\/poltermax-smart-icon.jpg","datePublished":"2017-04-05T08:21:01+00:00","dateModified":"2019-05-02T07:45:03+00:00","breadcrumb":{"@id":"https:\/\/poltermax.com\/index.php\/poltermax-smart\/#breadcrumb"},"inLanguage":"de","potentialAction":[{"@type":"ReadAction","target":["https:\/\/poltermax.com\/index.php\/poltermax-smart\/"]}]},{"@type":"ImageObject","inLanguage":"de","@id":"https:\/\/poltermax.com\/index.php\/poltermax-smart\/#primaryimage","url":"https:\/\/poltermax.com\/wp-content\/uploads\/2017\/04\/poltermax-smart-icon.jpg","contentUrl":"https:\/\/poltermax.com\/wp-content\/uploads\/2017\/04\/poltermax-smart-icon.jpg","width":371,"height":153},{"@type":"BreadcrumbList","@id":"https:\/\/poltermax.com\/index.php\/poltermax-smart\/#breadcrumb","itemListElement":[{"@type":"ListItem","position":1,"name":"Startseite","item":"https:\/\/poltermax.com\/"},{"@type":"ListItem","position":2,"name":"PolterMAX-Smart"}]},{"@type":"WebSite","@id":"https:\/\/poltermax.com\/#website","url":"https:\/\/poltermax.com\/","name":"PolterMAX","description":"Fotooptische Holzmengenermittlung so individuell wie unsere Kunden","publisher":{"@id":"https:\/\/poltermax.com\/#organization"},"potentialAction":[{"@type":"SearchAction","target":{"@type":"EntryPoint","urlTemplate":"https:\/\/poltermax.com\/?s={search_term_string}"},"query-input":{"@type":"PropertyValueSpecification","valueRequired":true,"valueName":"search_term_string"}}],"inLanguage":"de"},{"@type":"Organization","@id":"https:\/\/poltermax.com\/#organization","name":"PolterMAX","url":"https:\/\/poltermax.com\/","logo":{"@type":"ImageObject","inLanguage":"de","@id":"https:\/\/poltermax.com\/#\/schema\/logo\/image\/","url":"https:\/\/poltermax.com\/wp-content\/uploads\/2017\/04\/gid-pm.jpg","contentUrl":"https:\/\/poltermax.com\/wp-content\/uploads\/2017\/04\/gid-pm.jpg","width":82,"height":75,"caption":"PolterMAX"},"image":{"@id":"https:\/\/poltermax.com\/#\/schema\/logo\/image\/"},"sameAs":["https:\/\/www.facebook.com\/Polter-MAX-fotooptische-Holzvermessung-160493498005750\/9931759180?hl=de"]}]}},"_links":{"self":[{"href":"https:\/\/poltermax.com\/index.php\/wp-json\/wp\/v2\/pages\/11","targetHints":{"allow":["GET"]}}],"collection":[{"href":"https:\/\/poltermax.com\/index.php\/wp-json\/wp\/v2\/pages"}],"about":[{"href":"https:\/\/poltermax.com\/index.php\/wp-json\/wp\/v2\/types\/page"}],"author":[{"embeddable":true,"href":"https:\/\/poltermax.com\/index.php\/wp-json\/wp\/v2\/users\/1"}],"replies":[{"embeddable":true,"href":"https:\/\/poltermax.com\/index.php\/wp-json\/wp\/v2\/comments?post=11"}],"version-history":[{"count":0,"href":"https:\/\/poltermax.com\/index.php\/wp-json\/wp\/v2\/pages\/11\/revisions"}],"wp:featuredmedia":[{"embeddable":true,"href":"https:\/\/poltermax.com\/index.php\/wp-json\/wp\/v2\/media\/157"}],"wp:attachment":[{"href":"https:\/\/poltermax.com\/index.php\/wp-json\/wp\/v2\/media?parent=11"}],"curies":[{"name":"wp","href":"https:\/\/api.w.org\/{rel}","templated":true}]}}