{"id":13,"date":"2017-04-05T10:39:37","date_gmt":"2017-04-05T08:39:37","guid":{"rendered":"https:\/\/poltermax.com\/\/?page_id=13"},"modified":"2017-04-15T15:55:48","modified_gmt":"2017-04-15T13:55:48","slug":"impressum","status":"publish","type":"page","link":"https:\/\/poltermax.com\/index.php\/impressum\/","title":{"rendered":"Impressum"},"content":{"rendered":"<div class=\"xr_s15\">\n<hr \/>\n<p><span class=\"xr_tc xr_s15\">GDD-IT GmbH<\/span><\/div>\n<div class=\"xr_s15\"><span class=\"xr_tc xr_s16\">Am Sportplatz 10<\/span><\/div>\n<div class=\"xr_s15\"><span class=\"xr_tc xr_s16\">D-04668 Grimma OT D\u00f6ben<\/span><\/div>\n<div class=\"xr_s15\"><span class=\"xr_tc xr_s16\">Tel.: 03437-7609935<\/span><\/div>\n<div class=\"xr_s15\"><span class=\"xr_tc xr_s16\">Fax.: 03437-7609936<\/span><\/div>\n<div class=\"xr_s15\"><\/div>\n<div class=\"xr_s15\"><span class=\"xr_tc xr_s16\">Registergericht: Amtsgericht Leipzig<\/span><\/div>\n<div class=\"xr_s15\"><span class=\"xr_tc xr_s16\">Registernummer: HRB 18481<\/span><\/div>\n<div class=\"xr_s15\"><span class=\"xr_tc xr_s16\">Umsatzsteuer-ID-Nummer: DE219900604<\/span><\/div>\n<div class=\"xr_s15\"><span class=\"xr_tc xr_s16\">Gesch\u00e4ftsf\u00fchrer: Michael Gessel<\/span> <span class=\"xr_tc xr_s16\">Tel.: +49 (0)3437 910022<\/span> <span class=\"xr_tc xr_s16\">email: <a href=\"mailto:post@gis-dienst.de\"><span class=\"xr_s16\">post@GDD-IT.de<\/span><\/a><\/span> <span class=\"xr_tc xr_s17\">\u00a0 <\/span><\/div>\n<div class=\"xr_s15\"><\/div>\n<div class=\"Normaler_Text\"><strong><span class=\"xr_tl Normaler_Text\">Haftungssausschluss<\/span> <\/strong><\/div>\n<p><span class=\"xr_tl Normaler_Text\">Die Inhalte unserer Seiten wurden mit gr\u00f6\u00dfter Sorgfalt erstellt. F\u00fcr die Richtigkeit, Vollst\u00e4ndigkeit und Aktualit\u00e4t der Inhalte <\/span> <span class=\"xr_tl Normaler_Text\">k\u00f6nnen wir jedoch keine Gew\u00e4hr \u00fcbernehmen. Als Diensteanbieter sind wir gem\u00e4\u00df \u00a7 7 Abs.1 TMG f\u00fcr eigene Inhalte auf <\/span> <span class=\"xr_tl Normaler_Text\">diesen Seiten nach den allgemeinen Gesetzen verantwortlich. Nach \u00a7\u00a7 8 bis 10 TMG sind wir als Diensteanbieter jedoch nicht <\/span> <span class=\"xr_tl Normaler_Text\">verpflichtet, \u00fcbermittelte oder gespeicherte fremde Informationen zu \u00fcberwachen oder nach Umst\u00e4nden zu forschen, die auf <\/span> <span class=\"xr_tl Normaler_Text\">eine rechtswidrige T\u00e4tigkeit hinweisen. Verpflichtungen zur Entfernung oder Sperrung der Nutzung von Informationen nach <\/span> <span class=\"xr_tl Normaler_Text\">den allgemeinen Gesetzen bleiben hiervon unber\u00fchrt. Eine diesbez\u00fcgliche Haftung ist jedoch erst ab dem Zeitpunkt der <\/span> <span class=\"xr_tl Normaler_Text\">Kenntnis einer konkreten Rechtsverletzung m\u00f6glich. Bei Bekanntwerden von entsprechenden Rechtsverletzungen werden wir <\/span> <span class=\"xr_tl Normaler_Text\">diese Inhalte umgehend entfernen.<\/span><\/p>\n<p class=\"Normaler_Text\"><strong> <span class=\"xr_tl Normaler_Text\">Haftung f\u00fcr Links<\/span><\/strong><\/p>\n<p><span class=\"xr_tl Normaler_Text\">Unser Angebot enth\u00e4lt Links zu externen Webseiten Dritter, auf deren Inhalte wir keinen Einfluss haben. Deshalb k\u00f6nnen wir <\/span> <span class=\"xr_tl Normaler_Text\">f\u00fcr diese fremden Inhalte auch keine Gew\u00e4hr \u00fcbernehmen. F\u00fcr die Inhalte der verlinkten Seiten ist stets der jeweilige <\/span> <span class=\"xr_tl Normaler_Text\">Anbieter oder Betreiber der Seiten verantwortlich. Die verlinkten Seiten wurden zum Zeitpunkt der Verlinkung auf m\u00f6gliche <\/span> <span class=\"xr_tl Normaler_Text\">Rechtsverst\u00f6\u00dfe \u00fcberpr\u00fcft. Rechtswidrige Inhalte waren zum Zeitpunkt der Verlinkung nicht erkennbar. Eine permanente <\/span> <span class=\"xr_tl Normaler_Text\">inhaltliche Kontrolle der verlinkten Seiten ist jedoch ohne konkrete Anhaltspunkte einer Rechtsverletzung nicht zumutbar. Bei <\/span> <span class=\"xr_tl Normaler_Text\">Bekanntwerden von Rechtsverletzungen werden wir derartige Links umgehend entfernen.<\/span><\/p>\n<p><strong><span class=\"xr_tl Normaler_Text\">Urheberrecht<\/span> <\/strong><\/p>\n<p><span class=\"xr_tl Normaler_Text\">Die durch die Seitenbetreiber erstellten Inhalte und Werke auf diesen Seiten unterliegen dem deutschen Urheberrecht. Die <\/span> <span class=\"xr_tl Normaler_Text\">Vervielf\u00e4ltigung, Bearbeitung, Verbreitung und jede Art der Verwertung au\u00dferhalb der Grenzen des Urheberrechtes bed\u00fcrfen <\/span> <span class=\"xr_tl Normaler_Text\">der schriftlichen Zustimmung des jeweiligen Autors bzw. Erstellers. Downloads und Kopien dieser Seite sind nur f\u00fcr den <\/span> <span class=\"xr_tl Normaler_Text\">privaten, nicht kommerziellen Gebrauch gestattet. Soweit die Inhalte auf dieser Seite nicht vom Betreiber erstellt wurden, <\/span> <span class=\"xr_tl Normaler_Text\">werden die Urheberrechte Dritter beachtet. Insbesondere werden Inhalte Dritter als solche gekennzeichnet. Sollten Sie <\/span> <span class=\"xr_tl Normaler_Text\">trotzdem auf eine Urheberrechtsverletzung aufmerksam werden, bitten wir um einen entsprechenden Hinweis. Bei <\/span> <span class=\"xr_tl Normaler_Text\">Bekanntwerden von Rechtsverletzungen werden wir derartige Inhalte umgehend entfernen.<\/span><\/p>\n<div class=\"Normaler_Text\"><\/div>\n<div class=\"Normaler_Text\"><span class=\"xr_tl Normaler_Text\">Quelle: eRecht24.de &#8211; Internetrecht von Rechtsanwalt S\u00f6ren Siebert<\/span><\/div>\n","protected":false},"excerpt":{"rendered":"<p>GDD-IT GmbH Am Sportplatz 10 D-04668 Grimma OT D\u00f6ben Tel.: 03437-7609935 Fax.: 03437-7609936 Registergericht: Amtsgericht Leipzig Registernummer: HRB 18481 Umsatzsteuer-ID-Nummer: DE219900604 Gesch\u00e4ftsf\u00fchrer: Michael Gessel Tel.: +49 (0)3437 910022 email: post@GDD-IT.de \u00a0 Haftungssausschluss Die Inhalte unserer Seiten wurden mit gr\u00f6\u00dfter Sorgfalt<\/p>\n","protected":false},"author":1,"featured_media":0,"parent":0,"menu_order":0,"comment_status":"closed","ping_status":"closed","template":"","meta":{"footnotes":""},"class_list":["post-13","page","type-page","status-publish","hentry"],"yoast_head":"<!-- This site is optimized with the Yoast SEO plugin v24.4 - https:\/\/yoast.com\/wordpress\/plugins\/seo\/ -->\r\n<title>Impressum - PolterMAX<\/title>\r\n<meta name=\"robots\" content=\"index, follow, max-snippet:-1, max-image-preview:large, max-video-preview:-1\" \/>\r\n<link rel=\"canonical\" href=\"https:\/\/poltermax.com\/index.php\/impressum\/\" \/>\r\n<meta property=\"og:locale\" content=\"de_DE\" \/>\r\n<meta property=\"og:type\" content=\"article\" \/>\r\n<meta property=\"og:title\" content=\"Impressum - PolterMAX\" \/>\r\n<meta property=\"og:description\" content=\"GDD-IT GmbH Am Sportplatz 10 D-04668 Grimma OT D\u00f6ben Tel.: 03437-7609935 Fax.: 03437-7609936 Registergericht: Amtsgericht Leipzig Registernummer: HRB 18481 Umsatzsteuer-ID-Nummer: DE219900604 Gesch\u00e4ftsf\u00fchrer: Michael Gessel Tel.: +49 (0)3437 910022 email: post@GDD-IT.de \u00a0 Haftungssausschluss Die Inhalte unserer Seiten wurden mit gr\u00f6\u00dfter Sorgfalt\" \/>\r\n<meta property=\"og:url\" content=\"https:\/\/poltermax.com\/index.php\/impressum\/\" \/>\r\n<meta property=\"og:site_name\" content=\"PolterMAX\" \/>\r\n<meta property=\"article:publisher\" content=\"https:\/\/www.facebook.com\/Polter-MAX-fotooptische-Holzvermessung-160493498005750\/9931759180?hl=de\" \/>\r\n<meta property=\"article:modified_time\" content=\"2017-04-15T13:55:48+00:00\" \/>\r\n<meta name=\"twitter:card\" content=\"summary_large_image\" \/>\r\n<meta name=\"twitter:label1\" content=\"Gesch\u00e4tzte Lesezeit\" \/>\n\t<meta name=\"twitter:data1\" content=\"2\u00a0Minuten\" \/>\r\n<script type=\"application\/ld+json\" class=\"yoast-schema-graph\">{\"@context\":\"https:\/\/schema.org\",\"@graph\":[{\"@type\":\"WebPage\",\"@id\":\"https:\/\/poltermax.com\/index.php\/impressum\/\",\"url\":\"https:\/\/poltermax.com\/index.php\/impressum\/\",\"name\":\"Impressum - PolterMAX\",\"isPartOf\":{\"@id\":\"https:\/\/poltermax.com\/#website\"},\"datePublished\":\"2017-04-05T08:39:37+00:00\",\"dateModified\":\"2017-04-15T13:55:48+00:00\",\"breadcrumb\":{\"@id\":\"https:\/\/poltermax.com\/index.php\/impressum\/#breadcrumb\"},\"inLanguage\":\"de\",\"potentialAction\":[{\"@type\":\"ReadAction\",\"target\":[\"https:\/\/poltermax.com\/index.php\/impressum\/\"]}]},{\"@type\":\"BreadcrumbList\",\"@id\":\"https:\/\/poltermax.com\/index.php\/impressum\/#breadcrumb\",\"itemListElement\":[{\"@type\":\"ListItem\",\"position\":1,\"name\":\"Startseite\",\"item\":\"https:\/\/poltermax.com\/\"},{\"@type\":\"ListItem\",\"position\":2,\"name\":\"Impressum\"}]},{\"@type\":\"WebSite\",\"@id\":\"https:\/\/poltermax.com\/#website\",\"url\":\"https:\/\/poltermax.com\/\",\"name\":\"PolterMAX\",\"description\":\"Fotooptische Holzmengenermittlung so individuell wie unsere Kunden\",\"publisher\":{\"@id\":\"https:\/\/poltermax.com\/#organization\"},\"potentialAction\":[{\"@type\":\"SearchAction\",\"target\":{\"@type\":\"EntryPoint\",\"urlTemplate\":\"https:\/\/poltermax.com\/?s={search_term_string}\"},\"query-input\":{\"@type\":\"PropertyValueSpecification\",\"valueRequired\":true,\"valueName\":\"search_term_string\"}}],\"inLanguage\":\"de\"},{\"@type\":\"Organization\",\"@id\":\"https:\/\/poltermax.com\/#organization\",\"name\":\"PolterMAX\",\"url\":\"https:\/\/poltermax.com\/\",\"logo\":{\"@type\":\"ImageObject\",\"inLanguage\":\"de\",\"@id\":\"https:\/\/poltermax.com\/#\/schema\/logo\/image\/\",\"url\":\"https:\/\/poltermax.com\/wp-content\/uploads\/2017\/04\/gid-pm.jpg\",\"contentUrl\":\"https:\/\/poltermax.com\/wp-content\/uploads\/2017\/04\/gid-pm.jpg\",\"width\":82,\"height\":75,\"caption\":\"PolterMAX\"},\"image\":{\"@id\":\"https:\/\/poltermax.com\/#\/schema\/logo\/image\/\"},\"sameAs\":[\"https:\/\/www.facebook.com\/Polter-MAX-fotooptische-Holzvermessung-160493498005750\/9931759180?hl=de\"]}]}<\/script>\r\n<!-- \/ Yoast SEO plugin. -->","yoast_head_json":{"title":"Impressum - PolterMAX","robots":{"index":"index","follow":"follow","max-snippet":"max-snippet:-1","max-image-preview":"max-image-preview:large","max-video-preview":"max-video-preview:-1"},"canonical":"https:\/\/poltermax.com\/index.php\/impressum\/","og_locale":"de_DE","og_type":"article","og_title":"Impressum - PolterMAX","og_description":"GDD-IT GmbH Am Sportplatz 10 D-04668 Grimma OT D\u00f6ben Tel.: 03437-7609935 Fax.: 03437-7609936 Registergericht: Amtsgericht Leipzig Registernummer: HRB 18481 Umsatzsteuer-ID-Nummer: DE219900604 Gesch\u00e4ftsf\u00fchrer: Michael Gessel Tel.: +49 (0)3437 910022 email: post@GDD-IT.de \u00a0 Haftungssausschluss Die Inhalte unserer Seiten wurden mit gr\u00f6\u00dfter Sorgfalt","og_url":"https:\/\/poltermax.com\/index.php\/impressum\/","og_site_name":"PolterMAX","article_publisher":"https:\/\/www.facebook.com\/Polter-MAX-fotooptische-Holzvermessung-160493498005750\/9931759180?hl=de","article_modified_time":"2017-04-15T13:55:48+00:00","twitter_card":"summary_large_image","twitter_misc":{"Gesch\u00e4tzte Lesezeit":"2\u00a0Minuten"},"schema":{"@context":"https:\/\/schema.org","@graph":[{"@type":"WebPage","@id":"https:\/\/poltermax.com\/index.php\/impressum\/","url":"https:\/\/poltermax.com\/index.php\/impressum\/","name":"Impressum - PolterMAX","isPartOf":{"@id":"https:\/\/poltermax.com\/#website"},"datePublished":"2017-04-05T08:39:37+00:00","dateModified":"2017-04-15T13:55:48+00:00","breadcrumb":{"@id":"https:\/\/poltermax.com\/index.php\/impressum\/#breadcrumb"},"inLanguage":"de","potentialAction":[{"@type":"ReadAction","target":["https:\/\/poltermax.com\/index.php\/impressum\/"]}]},{"@type":"BreadcrumbList","@id":"https:\/\/poltermax.com\/index.php\/impressum\/#breadcrumb","itemListElement":[{"@type":"ListItem","position":1,"name":"Startseite","item":"https:\/\/poltermax.com\/"},{"@type":"ListItem","position":2,"name":"Impressum"}]},{"@type":"WebSite","@id":"https:\/\/poltermax.com\/#website","url":"https:\/\/poltermax.com\/","name":"PolterMAX","description":"Fotooptische Holzmengenermittlung so individuell wie unsere Kunden","publisher":{"@id":"https:\/\/poltermax.com\/#organization"},"potentialAction":[{"@type":"SearchAction","target":{"@type":"EntryPoint","urlTemplate":"https:\/\/poltermax.com\/?s={search_term_string}"},"query-input":{"@type":"PropertyValueSpecification","valueRequired":true,"valueName":"search_term_string"}}],"inLanguage":"de"},{"@type":"Organization","@id":"https:\/\/poltermax.com\/#organization","name":"PolterMAX","url":"https:\/\/poltermax.com\/","logo":{"@type":"ImageObject","inLanguage":"de","@id":"https:\/\/poltermax.com\/#\/schema\/logo\/image\/","url":"https:\/\/poltermax.com\/wp-content\/uploads\/2017\/04\/gid-pm.jpg","contentUrl":"https:\/\/poltermax.com\/wp-content\/uploads\/2017\/04\/gid-pm.jpg","width":82,"height":75,"caption":"PolterMAX"},"image":{"@id":"https:\/\/poltermax.com\/#\/schema\/logo\/image\/"},"sameAs":["https:\/\/www.facebook.com\/Polter-MAX-fotooptische-Holzvermessung-160493498005750\/9931759180?hl=de"]}]}},"_links":{"self":[{"href":"https:\/\/poltermax.com\/index.php\/wp-json\/wp\/v2\/pages\/13","targetHints":{"allow":["GET"]}}],"collection":[{"href":"https:\/\/poltermax.com\/index.php\/wp-json\/wp\/v2\/pages"}],"about":[{"href":"https:\/\/poltermax.com\/index.php\/wp-json\/wp\/v2\/types\/page"}],"author":[{"embeddable":true,"href":"https:\/\/poltermax.com\/index.php\/wp-json\/wp\/v2\/users\/1"}],"replies":[{"embeddable":true,"href":"https:\/\/poltermax.com\/index.php\/wp-json\/wp\/v2\/comments?post=13"}],"version-history":[{"count":0,"href":"https:\/\/poltermax.com\/index.php\/wp-json\/wp\/v2\/pages\/13\/revisions"}],"wp:attachment":[{"href":"https:\/\/poltermax.com\/index.php\/wp-json\/wp\/v2\/media?parent=13"}],"curies":[{"name":"wp","href":"https:\/\/api.w.org\/{rel}","templated":true}]}}