{"id":17,"date":"2017-04-05T10:35:18","date_gmt":"2017-04-05T08:35:18","guid":{"rendered":"https:\/\/poltermax.com\/\/?page_id=17"},"modified":"2023-01-02T17:11:14","modified_gmt":"2023-01-02T16:11:14","slug":"home","status":"publish","type":"page","link":"https:\/\/poltermax.com\/","title":{"rendered":"Home"},"content":{"rendered":"<p>PolterMAX = fotooptische Holzmengenermittlung = zuverl\u00e4ssiges Glied in der Holzlogistik &#8211; Kette<\/p>\n<p>Effekivit\u00e4tssteigerung durch fotooptische Holzmengenermittlung allein reicht uns nicht. Ein wirklicher Vorteil f\u00fcr die Forst- und Holzwirtschaft entsteht erst, wenn sich die L\u00f6sung nahtlos in die vorhandenen Logistikprozesse einf\u00fcgt. Anwenderorientierte Anpassung an die W\u00fcnsche unserer Kunden ist unser Trumpf. Anwenderorientierte Anpassung an die W\u00fcnsche unserer Kunden ist unser Trumpf. PolterMAX &#8211; L\u00f6sungen ber\u00fccksichtigen hierbei insbesondere &#8211; die Holzmengen, die etablierten Arbeitsprozesse, die wirtschaftliche Verwertung des Rohstoffes Holz und die Einfachheit des Gesamtvorgangs.<\/p>\n","protected":false},"excerpt":{"rendered":"<p>PolterMAX = fotooptische Holzmengenermittlung = zuverl\u00e4ssiges Glied in der Holzlogistik &#8211; Kette Effekivit\u00e4tssteigerung durch fotooptische Holzmengenermittlung allein reicht uns nicht. Ein wirklicher Vorteil f\u00fcr die Forst- und Holzwirtschaft entsteht erst, wenn sich die L\u00f6sung nahtlos in die vorhandenen Logistikprozesse einf\u00fcgt.<\/p>\n","protected":false},"author":1,"featured_media":0,"parent":0,"menu_order":0,"comment_status":"closed","ping_status":"closed","template":"page-templates\/business.php","meta":{"footnotes":""},"class_list":["post-17","page","type-page","status-publish","hentry"],"yoast_head":"<!-- This site is optimized with the Yoast SEO plugin v24.4 - https:\/\/yoast.com\/wordpress\/plugins\/seo\/ -->\r\n<title>Home - PolterMAX<\/title>\r\n<meta name=\"description\" content=\"PolterMAX = fotooptische Holzvermessung = zuverl\u00e4ssiges Glied in der Holzlogistik - Kette Effekivit\u00e4tssteigerung durch fotooptischer Holzvermessung allein reicht uns nicht. Ein wirklicher Vorteil f\u00fcr die Forst- und Holzwirtschaft entsteht erst, wenn sich die L\u00f6sung nahtlos in die vorhandenen Logistikprozesse einf\u00fcgt.\" \/>\r\n<meta name=\"robots\" content=\"index, follow, max-snippet:-1, max-image-preview:large, max-video-preview:-1\" \/>\r\n<link rel=\"canonical\" href=\"https:\/\/poltermax.com\/\" \/>\r\n<meta property=\"og:locale\" content=\"de_DE\" \/>\r\n<meta property=\"og:type\" content=\"article\" \/>\r\n<meta property=\"og:title\" content=\"Home - PolterMAX\" \/>\r\n<meta property=\"og:description\" content=\"PolterMAX = fotooptische Holzvermessung = zuverl\u00e4ssiges Glied in der Holzlogistik - Kette Effekivit\u00e4tssteigerung durch fotooptischer Holzvermessung allein reicht uns nicht. Ein wirklicher Vorteil f\u00fcr die Forst- und Holzwirtschaft entsteht erst, wenn sich die L\u00f6sung nahtlos in die vorhandenen Logistikprozesse einf\u00fcgt.\" \/>\r\n<meta property=\"og:url\" content=\"https:\/\/poltermax.com\/\" \/>\r\n<meta property=\"og:site_name\" content=\"PolterMAX\" \/>\r\n<meta property=\"article:publisher\" content=\"https:\/\/www.facebook.com\/Polter-MAX-fotooptische-Holzvermessung-160493498005750\/9931759180?hl=de\" \/>\r\n<meta property=\"article:modified_time\" content=\"2023-01-02T16:11:14+00:00\" \/>\r\n<meta name=\"twitter:card\" content=\"summary_large_image\" \/>\r\n<meta name=\"twitter:label1\" content=\"Gesch\u00e4tzte Lesezeit\" \/>\n\t<meta name=\"twitter:data1\" content=\"1\u00a0Minute\" \/>\r\n<script type=\"application\/ld+json\" class=\"yoast-schema-graph\">{\"@context\":\"https:\/\/schema.org\",\"@graph\":[{\"@type\":\"WebPage\",\"@id\":\"https:\/\/poltermax.com\/\",\"url\":\"https:\/\/poltermax.com\/\",\"name\":\"Home - PolterMAX\",\"isPartOf\":{\"@id\":\"https:\/\/poltermax.com\/#website\"},\"datePublished\":\"2017-04-05T08:35:18+00:00\",\"dateModified\":\"2023-01-02T16:11:14+00:00\",\"description\":\"PolterMAX = fotooptische Holzvermessung = zuverl\u00e4ssiges Glied in der Holzlogistik - Kette Effekivit\u00e4tssteigerung durch fotooptischer Holzvermessung allein reicht uns nicht. Ein wirklicher Vorteil f\u00fcr die Forst- und Holzwirtschaft entsteht erst, wenn sich die L\u00f6sung nahtlos in die vorhandenen Logistikprozesse einf\u00fcgt.\",\"breadcrumb\":{\"@id\":\"https:\/\/poltermax.com\/#breadcrumb\"},\"inLanguage\":\"de\",\"potentialAction\":[{\"@type\":\"ReadAction\",\"target\":[\"https:\/\/poltermax.com\/\"]}]},{\"@type\":\"BreadcrumbList\",\"@id\":\"https:\/\/poltermax.com\/#breadcrumb\",\"itemListElement\":[{\"@type\":\"ListItem\",\"position\":1,\"name\":\"Startseite\",\"item\":\"https:\/\/poltermax.com\/\"},{\"@type\":\"ListItem\",\"position\":2,\"name\":\"Home\"}]},{\"@type\":\"WebSite\",\"@id\":\"https:\/\/poltermax.com\/#website\",\"url\":\"https:\/\/poltermax.com\/\",\"name\":\"PolterMAX\",\"description\":\"Fotooptische Holzmengenermittlung so individuell wie unsere Kunden\",\"publisher\":{\"@id\":\"https:\/\/poltermax.com\/#organization\"},\"potentialAction\":[{\"@type\":\"SearchAction\",\"target\":{\"@type\":\"EntryPoint\",\"urlTemplate\":\"https:\/\/poltermax.com\/?s={search_term_string}\"},\"query-input\":{\"@type\":\"PropertyValueSpecification\",\"valueRequired\":true,\"valueName\":\"search_term_string\"}}],\"inLanguage\":\"de\"},{\"@type\":\"Organization\",\"@id\":\"https:\/\/poltermax.com\/#organization\",\"name\":\"PolterMAX\",\"url\":\"https:\/\/poltermax.com\/\",\"logo\":{\"@type\":\"ImageObject\",\"inLanguage\":\"de\",\"@id\":\"https:\/\/poltermax.com\/#\/schema\/logo\/image\/\",\"url\":\"https:\/\/poltermax.com\/wp-content\/uploads\/2017\/04\/gid-pm.jpg\",\"contentUrl\":\"https:\/\/poltermax.com\/wp-content\/uploads\/2017\/04\/gid-pm.jpg\",\"width\":82,\"height\":75,\"caption\":\"PolterMAX\"},\"image\":{\"@id\":\"https:\/\/poltermax.com\/#\/schema\/logo\/image\/\"},\"sameAs\":[\"https:\/\/www.facebook.com\/Polter-MAX-fotooptische-Holzvermessung-160493498005750\/9931759180?hl=de\"]}]}<\/script>\r\n<!-- \/ Yoast SEO plugin. -->","yoast_head_json":{"title":"Home - PolterMAX","description":"PolterMAX = fotooptische Holzvermessung = zuverl\u00e4ssiges Glied in der Holzlogistik - Kette Effekivit\u00e4tssteigerung durch fotooptischer Holzvermessung allein reicht uns nicht. Ein wirklicher Vorteil f\u00fcr die Forst- und Holzwirtschaft entsteht erst, wenn sich die L\u00f6sung nahtlos in die vorhandenen Logistikprozesse einf\u00fcgt.","robots":{"index":"index","follow":"follow","max-snippet":"max-snippet:-1","max-image-preview":"max-image-preview:large","max-video-preview":"max-video-preview:-1"},"canonical":"https:\/\/poltermax.com\/","og_locale":"de_DE","og_type":"article","og_title":"Home - PolterMAX","og_description":"PolterMAX = fotooptische Holzvermessung = zuverl\u00e4ssiges Glied in der Holzlogistik - Kette Effekivit\u00e4tssteigerung durch fotooptischer Holzvermessung allein reicht uns nicht. Ein wirklicher Vorteil f\u00fcr die Forst- und Holzwirtschaft entsteht erst, wenn sich die L\u00f6sung nahtlos in die vorhandenen Logistikprozesse einf\u00fcgt.","og_url":"https:\/\/poltermax.com\/","og_site_name":"PolterMAX","article_publisher":"https:\/\/www.facebook.com\/Polter-MAX-fotooptische-Holzvermessung-160493498005750\/9931759180?hl=de","article_modified_time":"2023-01-02T16:11:14+00:00","twitter_card":"summary_large_image","twitter_misc":{"Gesch\u00e4tzte Lesezeit":"1\u00a0Minute"},"schema":{"@context":"https:\/\/schema.org","@graph":[{"@type":"WebPage","@id":"https:\/\/poltermax.com\/","url":"https:\/\/poltermax.com\/","name":"Home - PolterMAX","isPartOf":{"@id":"https:\/\/poltermax.com\/#website"},"datePublished":"2017-04-05T08:35:18+00:00","dateModified":"2023-01-02T16:11:14+00:00","description":"PolterMAX = fotooptische Holzvermessung = zuverl\u00e4ssiges Glied in der Holzlogistik - Kette Effekivit\u00e4tssteigerung durch fotooptischer Holzvermessung allein reicht uns nicht. Ein wirklicher Vorteil f\u00fcr die Forst- und Holzwirtschaft entsteht erst, wenn sich die L\u00f6sung nahtlos in die vorhandenen Logistikprozesse einf\u00fcgt.","breadcrumb":{"@id":"https:\/\/poltermax.com\/#breadcrumb"},"inLanguage":"de","potentialAction":[{"@type":"ReadAction","target":["https:\/\/poltermax.com\/"]}]},{"@type":"BreadcrumbList","@id":"https:\/\/poltermax.com\/#breadcrumb","itemListElement":[{"@type":"ListItem","position":1,"name":"Startseite","item":"https:\/\/poltermax.com\/"},{"@type":"ListItem","position":2,"name":"Home"}]},{"@type":"WebSite","@id":"https:\/\/poltermax.com\/#website","url":"https:\/\/poltermax.com\/","name":"PolterMAX","description":"Fotooptische Holzmengenermittlung so individuell wie unsere Kunden","publisher":{"@id":"https:\/\/poltermax.com\/#organization"},"potentialAction":[{"@type":"SearchAction","target":{"@type":"EntryPoint","urlTemplate":"https:\/\/poltermax.com\/?s={search_term_string}"},"query-input":{"@type":"PropertyValueSpecification","valueRequired":true,"valueName":"search_term_string"}}],"inLanguage":"de"},{"@type":"Organization","@id":"https:\/\/poltermax.com\/#organization","name":"PolterMAX","url":"https:\/\/poltermax.com\/","logo":{"@type":"ImageObject","inLanguage":"de","@id":"https:\/\/poltermax.com\/#\/schema\/logo\/image\/","url":"https:\/\/poltermax.com\/wp-content\/uploads\/2017\/04\/gid-pm.jpg","contentUrl":"https:\/\/poltermax.com\/wp-content\/uploads\/2017\/04\/gid-pm.jpg","width":82,"height":75,"caption":"PolterMAX"},"image":{"@id":"https:\/\/poltermax.com\/#\/schema\/logo\/image\/"},"sameAs":["https:\/\/www.facebook.com\/Polter-MAX-fotooptische-Holzvermessung-160493498005750\/9931759180?hl=de"]}]}},"_links":{"self":[{"href":"https:\/\/poltermax.com\/index.php\/wp-json\/wp\/v2\/pages\/17","targetHints":{"allow":["GET"]}}],"collection":[{"href":"https:\/\/poltermax.com\/index.php\/wp-json\/wp\/v2\/pages"}],"about":[{"href":"https:\/\/poltermax.com\/index.php\/wp-json\/wp\/v2\/types\/page"}],"author":[{"embeddable":true,"href":"https:\/\/poltermax.com\/index.php\/wp-json\/wp\/v2\/users\/1"}],"replies":[{"embeddable":true,"href":"https:\/\/poltermax.com\/index.php\/wp-json\/wp\/v2\/comments?post=17"}],"version-history":[{"count":1,"href":"https:\/\/poltermax.com\/index.php\/wp-json\/wp\/v2\/pages\/17\/revisions"}],"predecessor-version":[{"id":479,"href":"https:\/\/poltermax.com\/index.php\/wp-json\/wp\/v2\/pages\/17\/revisions\/479"}],"wp:attachment":[{"href":"https:\/\/poltermax.com\/index.php\/wp-json\/wp\/v2\/media?parent=17"}],"curies":[{"name":"wp","href":"https:\/\/api.w.org\/{rel}","templated":true}]}}