{"id":339,"date":"2018-02-06T08:09:20","date_gmt":"2018-02-06T07:09:20","guid":{"rendered":"https:\/\/poltermax.com\/\/?page_id=339"},"modified":"2022-01-28T09:23:02","modified_gmt":"2022-01-28T08:23:02","slug":"borkenkaefer-aktion","status":"publish","type":"page","link":"https:\/\/poltermax.com\/index.php\/borkenkaefer-aktion\/","title":{"rendered":"Aktion &#8211; PolterMAX hilft Waldbesitzern"},"content":{"rendered":"<p><strong>PolterMAX hilft Waldbesitzern bei von Borkenk\u00e4fer oder Kupferstecher verursachten Sch\u00e4den<\/strong><\/p>\n<p><img loading=\"lazy\" decoding=\"async\" class=\"alignnone size-full wp-image-416\" src=\"https:\/\/poltermax.com\/wp-content\/uploads\/2019\/01\/PolterMAX_Borkenk\u00e4fer_Aktion-1.jpg\" alt=\"\" width=\"1000\" height=\"562\" srcset=\"https:\/\/poltermax.com\/wp-content\/uploads\/2019\/01\/PolterMAX_Borkenk\u00e4fer_Aktion-1.jpg 1000w, https:\/\/poltermax.com\/wp-content\/uploads\/2019\/01\/PolterMAX_Borkenk\u00e4fer_Aktion-1-300x169.jpg 300w, https:\/\/poltermax.com\/wp-content\/uploads\/2019\/01\/PolterMAX_Borkenk\u00e4fer_Aktion-1-768x432.jpg 768w\" sizes=\"auto, (max-width: 1000px) 100vw, 1000px\" \/><\/p>\n<p>Sind Ihre Forsten durch Kupferstecher oder Borkenk\u00e4fer befallen? &#8211; PolterMAX hilft betroffenen Waldbesitzern schnell und unkompliziert. Wir stellen Ihnen PolterMAX deshalb zur Ermittlung Ihrer betroffenen Holzmengen f\u00fcr eine begrenzte Zeit <strong>kostenlos<\/strong> zur Verf\u00fcgung!<\/p>\n<p>Die Beseitigung der Sch\u00e4den und die Aufarbeitung des Schadholzes ist in jeder Hinsicht f\u00fcr die betroffenen Waldbesitzer eine gro\u00dfe Belastung. Aus diesem Grund haben wir uns als Anbieter der fotooptischen Holzmengenermittlungssoftware PolterMAX entschlossen, f\u00fcr betroffene Waldbesitzer eine kostenlose Lizenz unserer Software bereitzustellen. Ohne Zweifel erleichtert dies die Holzmengenermittlung und Dokumentation des gepolterten Holzes.<\/p>\n<p>Das Angebot richtet sich \u00fcbrigens auch an Vereinigungen und Unternehmen, die sich mit der Aufarbeitung der Sch\u00e4den befassen.<\/p>\n<p>Die Anforderung einer Lizenz ist \u00fcbrigens ganz einfach. Registrieren Sie sich deshalb mit dem nachfolgenden Formular und fordern Sie Ihre kostenlose Jahreslizenz der Vollversion an.<\/p>\n<p><strong>Anforderung einer kostenlosen Jahreslizenz PolterMAX f\u00fcr Betroffene des Borkenk\u00e4fers<\/strong><\/p>\n\n<div class=\"wpcf7 no-js\" id=\"wpcf7-f344-o1\" lang=\"de-DE\" dir=\"ltr\" data-wpcf7-id=\"344\">\n<div class=\"screen-reader-response\"><p role=\"status\" aria-live=\"polite\" aria-atomic=\"true\"><\/p> <ul><\/ul><\/div>\n<form action=\"\/index.php\/wp-json\/wp\/v2\/pages\/339#wpcf7-f344-o1\" method=\"post\" class=\"wpcf7-form init wpcf7-acceptance-as-validation\" aria-label=\"Kontaktformular\" novalidate=\"novalidate\" data-status=\"init\">\n<fieldset class=\"hidden-fields-container\"><input type=\"hidden\" name=\"_wpcf7\" value=\"344\" \/><input type=\"hidden\" name=\"_wpcf7_version\" value=\"6.1.4\" \/><input type=\"hidden\" name=\"_wpcf7_locale\" value=\"de_DE\" \/><input type=\"hidden\" name=\"_wpcf7_unit_tag\" value=\"wpcf7-f344-o1\" \/><input type=\"hidden\" name=\"_wpcf7_container_post\" value=\"0\" \/><input type=\"hidden\" name=\"_wpcf7_posted_data_hash\" value=\"\" \/>\n<\/fieldset>\n<p><label> Institution \/ Firma (Pflichtfeld)<\/label><span class=\"wpcf7-form-control-wrap\" data-name=\"your-firm\"><input size=\"40\" maxlength=\"400\" class=\"wpcf7-form-control wpcf7-text wpcf7-validates-as-required\" aria-required=\"true\" aria-invalid=\"false\" value=\"\" type=\"text\" name=\"your-firm\" \/><\/span><br \/>\n<label> Vorname (Pflichtfeld)<\/label><span class=\"wpcf7-form-control-wrap\" data-name=\"your-vname\"><input size=\"40\" maxlength=\"400\" class=\"wpcf7-form-control wpcf7-text wpcf7-validates-as-required\" aria-required=\"true\" aria-invalid=\"false\" value=\"\" type=\"text\" name=\"your-vname\" \/><\/span><br \/>\n<label> Name (Pflichtfeld)<\/label><span class=\"wpcf7-form-control-wrap\" data-name=\"your-nname\"><input size=\"40\" maxlength=\"400\" class=\"wpcf7-form-control wpcf7-text wpcf7-validates-as-required\" aria-required=\"true\" aria-invalid=\"false\" value=\"\" type=\"text\" name=\"your-nname\" \/><\/span><br \/>\n<label> Stra\u00dfe(Pflichtfeld)<\/label><span class=\"wpcf7-form-control-wrap\" data-name=\"your-str\"><input size=\"40\" maxlength=\"400\" class=\"wpcf7-form-control wpcf7-text wpcf7-validates-as-required\" aria-required=\"true\" aria-invalid=\"false\" value=\"\" type=\"text\" name=\"your-str\" \/><\/span><br \/>\n<label> Plz (Pflichtfeld)<\/label><span class=\"wpcf7-form-control-wrap\" data-name=\"your-plz\"><input size=\"40\" maxlength=\"400\" class=\"wpcf7-form-control wpcf7-text wpcf7-validates-as-required\" aria-required=\"true\" aria-invalid=\"false\" value=\"\" type=\"text\" name=\"your-plz\" \/><\/span><br \/>\n<label> Ort (Pflichtfeld)<\/label><span class=\"wpcf7-form-control-wrap\" data-name=\"your-ort\"><input size=\"40\" maxlength=\"400\" class=\"wpcf7-form-control wpcf7-text wpcf7-validates-as-required\" aria-required=\"true\" aria-invalid=\"false\" value=\"\" type=\"text\" name=\"your-ort\" \/><\/span><br \/>\n<label> Telefon (Pflichtfeld)<\/label><span class=\"wpcf7-form-control-wrap\" data-name=\"your-tel\"><input size=\"40\" maxlength=\"400\" class=\"wpcf7-form-control wpcf7-text wpcf7-validates-as-required\" aria-required=\"true\" aria-invalid=\"false\" value=\"\" type=\"text\" name=\"your-tel\" \/><\/span><br \/>\n<label> Mobiltelefon(Pflichtfeld)<\/label><span class=\"wpcf7-form-control-wrap\" data-name=\"your-mobtel\"><input size=\"40\" maxlength=\"400\" class=\"wpcf7-form-control wpcf7-text wpcf7-validates-as-required\" aria-required=\"true\" aria-invalid=\"false\" value=\"\" type=\"text\" name=\"your-mobtel\" \/><\/span><br \/>\n<label> Deine E-Mail-Adresse (Pflichtfeld)<\/label><span class=\"wpcf7-form-control-wrap\" data-name=\"your-email\"><input size=\"40\" maxlength=\"400\" class=\"wpcf7-form-control wpcf7-email wpcf7-validates-as-required wpcf7-text wpcf7-validates-as-email\" aria-required=\"true\" aria-invalid=\"false\" value=\"\" type=\"email\" name=\"your-email\" \/><\/span>\n<\/p>\n<p><span class=\"wpcf7-form-control-wrap\" data-name=\"radio-920\"><span class=\"wpcf7-form-control wpcf7-radio spanwpcf7-list-item display block\"><span class=\"wpcf7-list-item first\"><label><input type=\"radio\" name=\"radio-920\" value=\"Ich bin ein betroffener Waldbesitzer\" checked=\"checked\" \/><span class=\"wpcf7-list-item-label\">Ich bin ein betroffener Waldbesitzer<\/span><\/label><\/span><span class=\"wpcf7-list-item\"><label><input type=\"radio\" name=\"radio-920\" value=\"Wir sind eine in die Aufarbeitung der Sch\u00e4den involvierte Vereinigung\" \/><span class=\"wpcf7-list-item-label\">Wir sind eine in die Aufarbeitung der Sch\u00e4den involvierte Vereinigung<\/span><\/label><\/span><span class=\"wpcf7-list-item last\"><label><input type=\"radio\" name=\"radio-920\" value=\"Wir sind ein in die Aufarbeitung der Sch\u00e4den involviertes Unternehmen\" \/><span class=\"wpcf7-list-item-label\">Wir sind ein in die Aufarbeitung der Sch\u00e4den involviertes Unternehmen<\/span><\/label><\/span><\/span><\/span>\n<\/p>\n<p><label> Verwendete Windowsversion (Pflichtfeld)<\/label><span class=\"wpcf7-form-control-wrap\" data-name=\"Windows-Version\"><select class=\"wpcf7-form-control wpcf7-select wpcf7-validates-as-required\" aria-required=\"true\" aria-invalid=\"false\" name=\"Windows-Version\"><option value=\"\">&#8211; Bitte ausw\u00e4hlen &#8211;<\/option><option value=\"Win 7\">Win 7<\/option><option value=\"Win 8\">Win 8<\/option><option value=\"Win 10\">Win 10<\/option><\/select><\/span>\n<\/p>\n<p><label> Betreff<br \/>\n<span class=\"wpcf7-form-control-wrap\" data-name=\"your-subject\"><input size=\"40\" maxlength=\"400\" class=\"wpcf7-form-control wpcf7-text\" aria-invalid=\"false\" value=\"\" type=\"text\" name=\"your-subject\" \/><\/span> <\/label>\n<\/p>\n<p><label> Deine Nachricht<br \/>\n<span class=\"wpcf7-form-control-wrap\" data-name=\"your-message\"><textarea cols=\"40\" rows=\"10\" maxlength=\"2000\" class=\"wpcf7-form-control wpcf7-textarea\" aria-invalid=\"false\" name=\"your-message\"><\/textarea><\/span> <\/label>\n<\/p>\n<p><span class=\"wpcf7-form-control-wrap\" data-name=\"acceptance-696\"><span class=\"wpcf7-form-control wpcf7-acceptance\"><span class=\"wpcf7-list-item\"><label><input type=\"checkbox\" name=\"acceptance-696\" value=\"1\" aria-invalid=\"false\" \/><span class=\"wpcf7-list-item-label\">Ich habe die Datenschutzerkl\u00e4rung (<a href=\"https:\/\/poltermax.com\/index.php\/datenschutzerklaerung\/\" rel=\"noopener\" target=\"_blank\">\u00d6ffnen<\/a>)  gelesen und akzeptiert. (Pflicht)<\/span><\/label><\/span><\/span><\/span>\n<\/p>\n<p><span class=\"wpcf7-form-control-wrap\" data-name=\"checkbox-587\"><span class=\"wpcf7-form-control wpcf7-checkbox\"><span class=\"wpcf7-list-item first last\"><input type=\"checkbox\" name=\"checkbox-587[]\" value=\"Ich m\u00f6chte von der GDD-IT  GmbH \u00fcber \u00c4nderungen und Neuigkeiten per E-Mail oder Telefon informiert werden. Diese Einwilligung kann ich jederzeit widerrufen. Den Widerruf der Einwilligung kann ich an post@gdd-it.de  senden.\" \/><span class=\"wpcf7-list-item-label\">Ich m\u00f6chte von der GDD-IT  GmbH \u00fcber \u00c4nderungen und Neuigkeiten per E-Mail oder Telefon informiert werden. Diese Einwilligung kann ich jederzeit widerrufen. Den Widerruf der Einwilligung kann ich an post@gdd-it.de  senden.<\/span><\/span><\/span><\/span>\n<\/p>\n<p>[recaptcha]\n<\/p>\n<p><input class=\"wpcf7-form-control wpcf7-submit has-spinner\" type=\"submit\" value=\"Senden\" \/>\n<\/p><div class=\"wpcf7-response-output\" aria-hidden=\"true\"><\/div>\n<\/form>\n<\/div>\n\n","protected":false},"excerpt":{"rendered":"<p>PolterMAX hilft Waldbesitzern bei von Borkenk\u00e4fer oder Kupferstecher verursachten Sch\u00e4den Sind Ihre Forsten durch Kupferstecher oder Borkenk\u00e4fer befallen? &#8211; PolterMAX hilft betroffenen Waldbesitzern schnell und unkompliziert. Wir stellen Ihnen PolterMAX deshalb zur Ermittlung Ihrer betroffenen Holzmengen f\u00fcr eine begrenzte Zeit<\/p>\n","protected":false},"author":1,"featured_media":0,"parent":0,"menu_order":0,"comment_status":"closed","ping_status":"closed","template":"","meta":{"footnotes":""},"class_list":["post-339","page","type-page","status-publish","hentry"],"yoast_head":"<!-- This site is optimized with the Yoast SEO plugin v24.4 - https:\/\/yoast.com\/wordpress\/plugins\/seo\/ -->\r\n<title>Aktion - PolterMAX hilft Waldbesitzern - PolterMAX<\/title>\r\n<meta name=\"description\" content=\"Sind Ihre Forsten durch Kupferstecher oder Borkenk\u00e4fer befallen? - PolterMAX hilft betroffenen Waldbesitzern schnell und unkompliziert. Wir stellen Ihnen PolterMAX zur Ermittlung Ihrer betroffenen Holzmengen f\u00fcr eine limitierte Zeit kostenlos zur Verf\u00fcgung!\" \/>\r\n<meta name=\"robots\" content=\"index, follow, max-snippet:-1, max-image-preview:large, max-video-preview:-1\" \/>\r\n<link rel=\"canonical\" href=\"https:\/\/poltermax.com\/index.php\/borkenkaefer-aktion\/\" \/>\r\n<meta property=\"og:locale\" content=\"de_DE\" \/>\r\n<meta property=\"og:type\" content=\"article\" \/>\r\n<meta property=\"og:title\" content=\"Aktion - PolterMAX hilft Waldbesitzern - PolterMAX\" \/>\r\n<meta property=\"og:description\" content=\"Sind Ihre Forsten durch Kupferstecher oder Borkenk\u00e4fer befallen? - PolterMAX hilft betroffenen Waldbesitzern schnell und unkompliziert. Wir stellen Ihnen PolterMAX zur Ermittlung Ihrer betroffenen Holzmengen f\u00fcr eine limitierte Zeit kostenlos zur Verf\u00fcgung!\" \/>\r\n<meta property=\"og:url\" content=\"https:\/\/poltermax.com\/index.php\/borkenkaefer-aktion\/\" \/>\r\n<meta property=\"og:site_name\" content=\"PolterMAX\" \/>\r\n<meta property=\"article:publisher\" content=\"https:\/\/www.facebook.com\/Polter-MAX-fotooptische-Holzvermessung-160493498005750\/9931759180?hl=de\" \/>\r\n<meta property=\"article:modified_time\" content=\"2022-01-28T08:23:02+00:00\" \/>\r\n<meta name=\"twitter:card\" content=\"summary_large_image\" \/>\r\n<meta name=\"twitter:label1\" content=\"Gesch\u00e4tzte Lesezeit\" \/>\n\t<meta name=\"twitter:data1\" content=\"1\u00a0Minute\" \/>\r\n<script type=\"application\/ld+json\" class=\"yoast-schema-graph\">{\"@context\":\"https:\/\/schema.org\",\"@graph\":[{\"@type\":\"WebPage\",\"@id\":\"https:\/\/poltermax.com\/index.php\/borkenkaefer-aktion\/\",\"url\":\"https:\/\/poltermax.com\/index.php\/borkenkaefer-aktion\/\",\"name\":\"Aktion - PolterMAX hilft Waldbesitzern - PolterMAX\",\"isPartOf\":{\"@id\":\"https:\/\/poltermax.com\/#website\"},\"datePublished\":\"2018-02-06T07:09:20+00:00\",\"dateModified\":\"2022-01-28T08:23:02+00:00\",\"description\":\"Sind Ihre Forsten durch Kupferstecher oder Borkenk\u00e4fer befallen? - PolterMAX hilft betroffenen Waldbesitzern schnell und unkompliziert. Wir stellen Ihnen PolterMAX zur Ermittlung Ihrer betroffenen Holzmengen f\u00fcr eine limitierte Zeit kostenlos zur Verf\u00fcgung!\",\"breadcrumb\":{\"@id\":\"https:\/\/poltermax.com\/index.php\/borkenkaefer-aktion\/#breadcrumb\"},\"inLanguage\":\"de\",\"potentialAction\":[{\"@type\":\"ReadAction\",\"target\":[\"https:\/\/poltermax.com\/index.php\/borkenkaefer-aktion\/\"]}]},{\"@type\":\"BreadcrumbList\",\"@id\":\"https:\/\/poltermax.com\/index.php\/borkenkaefer-aktion\/#breadcrumb\",\"itemListElement\":[{\"@type\":\"ListItem\",\"position\":1,\"name\":\"Startseite\",\"item\":\"https:\/\/poltermax.com\/\"},{\"@type\":\"ListItem\",\"position\":2,\"name\":\"Aktion &#8211; PolterMAX hilft Waldbesitzern\"}]},{\"@type\":\"WebSite\",\"@id\":\"https:\/\/poltermax.com\/#website\",\"url\":\"https:\/\/poltermax.com\/\",\"name\":\"PolterMAX\",\"description\":\"Fotooptische Holzmengenermittlung so individuell wie unsere Kunden\",\"publisher\":{\"@id\":\"https:\/\/poltermax.com\/#organization\"},\"potentialAction\":[{\"@type\":\"SearchAction\",\"target\":{\"@type\":\"EntryPoint\",\"urlTemplate\":\"https:\/\/poltermax.com\/?s={search_term_string}\"},\"query-input\":{\"@type\":\"PropertyValueSpecification\",\"valueRequired\":true,\"valueName\":\"search_term_string\"}}],\"inLanguage\":\"de\"},{\"@type\":\"Organization\",\"@id\":\"https:\/\/poltermax.com\/#organization\",\"name\":\"PolterMAX\",\"url\":\"https:\/\/poltermax.com\/\",\"logo\":{\"@type\":\"ImageObject\",\"inLanguage\":\"de\",\"@id\":\"https:\/\/poltermax.com\/#\/schema\/logo\/image\/\",\"url\":\"https:\/\/poltermax.com\/wp-content\/uploads\/2017\/04\/gid-pm.jpg\",\"contentUrl\":\"https:\/\/poltermax.com\/wp-content\/uploads\/2017\/04\/gid-pm.jpg\",\"width\":82,\"height\":75,\"caption\":\"PolterMAX\"},\"image\":{\"@id\":\"https:\/\/poltermax.com\/#\/schema\/logo\/image\/\"},\"sameAs\":[\"https:\/\/www.facebook.com\/Polter-MAX-fotooptische-Holzvermessung-160493498005750\/9931759180?hl=de\"]}]}<\/script>\r\n<!-- \/ Yoast SEO plugin. -->","yoast_head_json":{"title":"Aktion - PolterMAX hilft Waldbesitzern - PolterMAX","description":"Sind Ihre Forsten durch Kupferstecher oder Borkenk\u00e4fer befallen? - PolterMAX hilft betroffenen Waldbesitzern schnell und unkompliziert. Wir stellen Ihnen PolterMAX zur Ermittlung Ihrer betroffenen Holzmengen f\u00fcr eine limitierte Zeit kostenlos zur Verf\u00fcgung!","robots":{"index":"index","follow":"follow","max-snippet":"max-snippet:-1","max-image-preview":"max-image-preview:large","max-video-preview":"max-video-preview:-1"},"canonical":"https:\/\/poltermax.com\/index.php\/borkenkaefer-aktion\/","og_locale":"de_DE","og_type":"article","og_title":"Aktion - PolterMAX hilft Waldbesitzern - PolterMAX","og_description":"Sind Ihre Forsten durch Kupferstecher oder Borkenk\u00e4fer befallen? - PolterMAX hilft betroffenen Waldbesitzern schnell und unkompliziert. Wir stellen Ihnen PolterMAX zur Ermittlung Ihrer betroffenen Holzmengen f\u00fcr eine limitierte Zeit kostenlos zur Verf\u00fcgung!","og_url":"https:\/\/poltermax.com\/index.php\/borkenkaefer-aktion\/","og_site_name":"PolterMAX","article_publisher":"https:\/\/www.facebook.com\/Polter-MAX-fotooptische-Holzvermessung-160493498005750\/9931759180?hl=de","article_modified_time":"2022-01-28T08:23:02+00:00","twitter_card":"summary_large_image","twitter_misc":{"Gesch\u00e4tzte Lesezeit":"1\u00a0Minute"},"schema":{"@context":"https:\/\/schema.org","@graph":[{"@type":"WebPage","@id":"https:\/\/poltermax.com\/index.php\/borkenkaefer-aktion\/","url":"https:\/\/poltermax.com\/index.php\/borkenkaefer-aktion\/","name":"Aktion - PolterMAX hilft Waldbesitzern - PolterMAX","isPartOf":{"@id":"https:\/\/poltermax.com\/#website"},"datePublished":"2018-02-06T07:09:20+00:00","dateModified":"2022-01-28T08:23:02+00:00","description":"Sind Ihre Forsten durch Kupferstecher oder Borkenk\u00e4fer befallen? - PolterMAX hilft betroffenen Waldbesitzern schnell und unkompliziert. Wir stellen Ihnen PolterMAX zur Ermittlung Ihrer betroffenen Holzmengen f\u00fcr eine limitierte Zeit kostenlos zur Verf\u00fcgung!","breadcrumb":{"@id":"https:\/\/poltermax.com\/index.php\/borkenkaefer-aktion\/#breadcrumb"},"inLanguage":"de","potentialAction":[{"@type":"ReadAction","target":["https:\/\/poltermax.com\/index.php\/borkenkaefer-aktion\/"]}]},{"@type":"BreadcrumbList","@id":"https:\/\/poltermax.com\/index.php\/borkenkaefer-aktion\/#breadcrumb","itemListElement":[{"@type":"ListItem","position":1,"name":"Startseite","item":"https:\/\/poltermax.com\/"},{"@type":"ListItem","position":2,"name":"Aktion &#8211; PolterMAX hilft Waldbesitzern"}]},{"@type":"WebSite","@id":"https:\/\/poltermax.com\/#website","url":"https:\/\/poltermax.com\/","name":"PolterMAX","description":"Fotooptische Holzmengenermittlung so individuell wie unsere Kunden","publisher":{"@id":"https:\/\/poltermax.com\/#organization"},"potentialAction":[{"@type":"SearchAction","target":{"@type":"EntryPoint","urlTemplate":"https:\/\/poltermax.com\/?s={search_term_string}"},"query-input":{"@type":"PropertyValueSpecification","valueRequired":true,"valueName":"search_term_string"}}],"inLanguage":"de"},{"@type":"Organization","@id":"https:\/\/poltermax.com\/#organization","name":"PolterMAX","url":"https:\/\/poltermax.com\/","logo":{"@type":"ImageObject","inLanguage":"de","@id":"https:\/\/poltermax.com\/#\/schema\/logo\/image\/","url":"https:\/\/poltermax.com\/wp-content\/uploads\/2017\/04\/gid-pm.jpg","contentUrl":"https:\/\/poltermax.com\/wp-content\/uploads\/2017\/04\/gid-pm.jpg","width":82,"height":75,"caption":"PolterMAX"},"image":{"@id":"https:\/\/poltermax.com\/#\/schema\/logo\/image\/"},"sameAs":["https:\/\/www.facebook.com\/Polter-MAX-fotooptische-Holzvermessung-160493498005750\/9931759180?hl=de"]}]}},"_links":{"self":[{"href":"https:\/\/poltermax.com\/index.php\/wp-json\/wp\/v2\/pages\/339","targetHints":{"allow":["GET"]}}],"collection":[{"href":"https:\/\/poltermax.com\/index.php\/wp-json\/wp\/v2\/pages"}],"about":[{"href":"https:\/\/poltermax.com\/index.php\/wp-json\/wp\/v2\/types\/page"}],"author":[{"embeddable":true,"href":"https:\/\/poltermax.com\/index.php\/wp-json\/wp\/v2\/users\/1"}],"replies":[{"embeddable":true,"href":"https:\/\/poltermax.com\/index.php\/wp-json\/wp\/v2\/comments?post=339"}],"version-history":[{"count":0,"href":"https:\/\/poltermax.com\/index.php\/wp-json\/wp\/v2\/pages\/339\/revisions"}],"wp:attachment":[{"href":"https:\/\/poltermax.com\/index.php\/wp-json\/wp\/v2\/media?parent=339"}],"curies":[{"name":"wp","href":"https:\/\/api.w.org\/{rel}","templated":true}]}}